{"id":996,"date":"2025-07-01T13:00:46","date_gmt":"2025-07-01T13:00:46","guid":{"rendered":"https:\/\/engineering.aberdare.co.za\/?page_id=996"},"modified":"2025-12-04T14:12:58","modified_gmt":"2025-12-04T14:12:58","slug":"produtos","status":"publish","type":"page","link":"https:\/\/www.aberdare.co.za\/intelec\/produtos\/","title":{"rendered":"Produtos"},"content":{"rendered":"\t\t<div data-elementor-type=\"wp-page\" data-elementor-id=\"996\" class=\"elementor elementor-996\">\n\t\t\t\t<div class=\"elementor-element elementor-element-36da5e3 e-flex e-con-boxed e-con e-parent\" data-id=\"36da5e3\" data-element_type=\"container\" data-e-type=\"container\" data-settings=\"{&quot;background_background&quot;:&quot;classic&quot;}\">\n\t\t\t\t\t<div class=\"e-con-inner\">\n\t\t\t\t<div class=\"elementor-element elementor-element-d1c6e8b elementor-widget elementor-widget-heading\" data-id=\"d1c6e8b\" data-element_type=\"widget\" data-e-type=\"widget\" data-widget_type=\"heading.default\">\n\t\t\t\t<div class=\"elementor-widget-container\">\n\t\t\t\t\t<h2 class=\"elementor-heading-title elementor-size-default\">Produtos<\/h2>\t\t\t\t<\/div>\n\t\t\t\t<\/div>\n\t\t\t\t\t<\/div>\n\t\t\t\t<\/div>\n\t\t<div class=\"elementor-element elementor-element-8c148e4 e-flex e-con-boxed e-con e-parent\" data-id=\"8c148e4\" data-element_type=\"container\" data-e-type=\"container\">\n\t\t\t\t\t<div class=\"e-con-inner\">\n\t\t<div class=\"elementor-element elementor-element-61300bb e-con-full e-flex e-con e-child\" data-id=\"61300bb\" data-element_type=\"container\" data-e-type=\"container\">\n\t\t\t\t<div class=\"elementor-element elementor-element-f91463f elementor-position-top elementor-widget elementor-widget-image-box\" data-id=\"f91463f\" data-element_type=\"widget\" data-e-type=\"widget\" data-widget_type=\"image-box.default\">\n\t\t\t\t<div class=\"elementor-widget-container\">\n\t\t\t\t\t<div class=\"elementor-image-box-wrapper\"><figure class=\"elementor-image-box-img\"><img fetchpriority=\"high\" decoding=\"async\" width=\"500\" height=\"216\" src=\"https:\/\/www.aberdare.co.za\/intelec\/wp-content\/uploads\/2025\/10\/XLPE.webp\" class=\"attachment-full size-full wp-image-1560\" alt=\"\" srcset=\"https:\/\/www.aberdare.co.za\/intelec\/wp-content\/uploads\/2025\/10\/XLPE.webp 500w, https:\/\/www.aberdare.co.za\/intelec\/wp-content\/uploads\/2025\/10\/XLPE-300x130.webp 300w\" sizes=\"(max-width: 500px) 100vw, 500px\" \/><\/figure><div class=\"elementor-image-box-content\"><h3 class=\"elementor-image-box-title\">Cabos de M\u00e9dia Tens\u00e3o XLPE<\/h3><\/div><\/div>\t\t\t\t<\/div>\n\t\t\t\t<\/div>\n\t\t\t\t<\/div>\n\t\t<div class=\"elementor-element elementor-element-587b416 e-con-full e-flex e-con e-child\" data-id=\"587b416\" data-element_type=\"container\" data-e-type=\"container\">\n\t\t\t\t<div class=\"elementor-element elementor-element-add7baf elementor-position-top elementor-widget elementor-widget-image-box\" data-id=\"add7baf\" data-element_type=\"widget\" data-e-type=\"widget\" data-widget_type=\"image-box.default\">\n\t\t\t\t<div class=\"elementor-widget-container\">\n\t\t\t\t\t<div class=\"elementor-image-box-wrapper\"><figure class=\"elementor-image-box-img\"><img decoding=\"async\" width=\"500\" height=\"216\" src=\"https:\/\/www.aberdare.co.za\/intelec\/wp-content\/uploads\/2025\/10\/Papel-Impregnado.webp\" class=\"attachment-full size-full wp-image-1558\" alt=\"\" srcset=\"https:\/\/www.aberdare.co.za\/intelec\/wp-content\/uploads\/2025\/10\/Papel-Impregnado.webp 500w, https:\/\/www.aberdare.co.za\/intelec\/wp-content\/uploads\/2025\/10\/Papel-Impregnado-300x130.webp 300w\" sizes=\"(max-width: 500px) 100vw, 500px\" \/><\/figure><div class=\"elementor-image-box-content\"><h3 class=\"elementor-image-box-title\">Cabos com isolamento de papel impregnado em \u00f3leo<\/h3><\/div><\/div>\t\t\t\t<\/div>\n\t\t\t\t<\/div>\n\t\t\t\t<\/div>\n\t\t<div class=\"elementor-element elementor-element-7a26c68 e-con-full e-flex e-con e-child\" data-id=\"7a26c68\" data-element_type=\"container\" data-e-type=\"container\">\n\t\t\t\t<div class=\"elementor-element elementor-element-cc5a4c9 elementor-position-top elementor-widget elementor-widget-image-box\" data-id=\"cc5a4c9\" data-element_type=\"widget\" data-e-type=\"widget\" data-widget_type=\"image-box.default\">\n\t\t\t\t<div class=\"elementor-widget-container\">\n\t\t\t\t\t<div class=\"elementor-image-box-wrapper\"><figure class=\"elementor-image-box-img\"><img decoding=\"async\" width=\"500\" height=\"216\" src=\"https:\/\/www.aberdare.co.za\/intelec\/wp-content\/uploads\/2025\/10\/Alta-tensao.webp\" class=\"attachment-full size-full wp-image-1553\" alt=\"\" srcset=\"https:\/\/www.aberdare.co.za\/intelec\/wp-content\/uploads\/2025\/10\/Alta-tensao.webp 500w, https:\/\/www.aberdare.co.za\/intelec\/wp-content\/uploads\/2025\/10\/Alta-tensao-300x130.webp 300w\" sizes=\"(max-width: 500px) 100vw, 500px\" \/><\/figure><div class=\"elementor-image-box-content\"><h3 class=\"elementor-image-box-title\">Cabos de Alta Tens\u00e3o XLPE<\/h3><\/div><\/div>\t\t\t\t<\/div>\n\t\t\t\t<\/div>\n\t\t\t\t<\/div>\n\t\t<div class=\"elementor-element elementor-element-d9841bf e-con-full e-flex e-con e-child\" data-id=\"d9841bf\" data-element_type=\"container\" data-e-type=\"container\">\n\t\t\t\t<div class=\"elementor-element elementor-element-0003b34 elementor-position-top elementor-widget elementor-widget-image-box\" data-id=\"0003b34\" data-element_type=\"widget\" data-e-type=\"widget\" data-widget_type=\"image-box.default\">\n\t\t\t\t<div class=\"elementor-widget-container\">\n\t\t\t\t\t<div class=\"elementor-image-box-wrapper\"><figure class=\"elementor-image-box-img\"><img loading=\"lazy\" decoding=\"async\" width=\"500\" height=\"216\" src=\"https:\/\/www.aberdare.co.za\/intelec\/wp-content\/uploads\/2025\/10\/Borracha.webp\" class=\"attachment-full size-full wp-image-1554\" alt=\"\" srcset=\"https:\/\/www.aberdare.co.za\/intelec\/wp-content\/uploads\/2025\/10\/Borracha.webp 500w, https:\/\/www.aberdare.co.za\/intelec\/wp-content\/uploads\/2025\/10\/Borracha-300x130.webp 300w\" sizes=\"(max-width: 500px) 100vw, 500px\" \/><\/figure><div class=\"elementor-image-box-content\"><h3 class=\"elementor-image-box-title\">Borracha Cabos<\/h3><\/div><\/div>\t\t\t\t<\/div>\n\t\t\t\t<\/div>\n\t\t\t\t<\/div>\n\t\t<div class=\"elementor-element elementor-element-b91a5e3 e-con-full e-flex e-con e-child\" data-id=\"b91a5e3\" data-element_type=\"container\" data-e-type=\"container\">\n\t\t\t\t<div class=\"elementor-element elementor-element-5088914 elementor-position-top elementor-widget elementor-widget-image-box\" data-id=\"5088914\" data-element_type=\"widget\" data-e-type=\"widget\" data-widget_type=\"image-box.default\">\n\t\t\t\t<div class=\"elementor-widget-container\">\n\t\t\t\t\t<div class=\"elementor-image-box-wrapper\"><figure class=\"elementor-image-box-img\"><img loading=\"lazy\" decoding=\"async\" width=\"500\" height=\"216\" src=\"https:\/\/www.aberdare.co.za\/intelec\/wp-content\/uploads\/2025\/10\/Cabo-Subterraneo.webp\" class=\"attachment-full size-full wp-image-1556\" alt=\"\" srcset=\"https:\/\/www.aberdare.co.za\/intelec\/wp-content\/uploads\/2025\/10\/Cabo-Subterraneo.webp 500w, https:\/\/www.aberdare.co.za\/intelec\/wp-content\/uploads\/2025\/10\/Cabo-Subterraneo-300x130.webp 300w\" sizes=\"(max-width: 500px) 100vw, 500px\" \/><\/figure><div class=\"elementor-image-box-content\"><h3 class=\"elementor-image-box-title\">Cabos de Baixa Tens\u00e3o<\/h3><\/div><\/div>\t\t\t\t<\/div>\n\t\t\t\t<\/div>\n\t\t\t\t<\/div>\n\t\t\t\t\t<\/div>\n\t\t\t\t<\/div>\n\t\t<div class=\"elementor-element elementor-element-cfb8451 e-flex e-con-boxed e-con e-parent\" data-id=\"cfb8451\" data-element_type=\"container\" data-e-type=\"container\">\n\t\t\t\t\t<div class=\"e-con-inner\">\n\t\t<div class=\"elementor-element elementor-element-4f9c5cd e-con-full e-flex e-con e-child\" data-id=\"4f9c5cd\" data-element_type=\"container\" data-e-type=\"container\">\n\t\t\t\t<div class=\"elementor-element elementor-element-dc5578b elementor-position-top elementor-widget elementor-widget-image-box\" data-id=\"dc5578b\" data-element_type=\"widget\" data-e-type=\"widget\" data-widget_type=\"image-box.default\">\n\t\t\t\t<div class=\"elementor-widget-container\">\n\t\t\t\t\t<div class=\"elementor-image-box-wrapper\"><figure class=\"elementor-image-box-img\"><img loading=\"lazy\" decoding=\"async\" width=\"500\" height=\"216\" src=\"https:\/\/www.aberdare.co.za\/intelec\/wp-content\/uploads\/2025\/10\/ACSR.webp\" class=\"attachment-full size-full wp-image-1551\" alt=\"\" srcset=\"https:\/\/www.aberdare.co.za\/intelec\/wp-content\/uploads\/2025\/10\/ACSR.webp 500w, https:\/\/www.aberdare.co.za\/intelec\/wp-content\/uploads\/2025\/10\/ACSR-300x130.webp 300w\" sizes=\"(max-width: 500px) 100vw, 500px\" \/><\/figure><div class=\"elementor-image-box-content\"><h3 class=\"elementor-image-box-title\">Condutor A\u00e9reos (Rede El\u00e9ctrica)<\/h3><\/div><\/div>\t\t\t\t<\/div>\n\t\t\t\t<\/div>\n\t\t\t\t<\/div>\n\t\t<div class=\"elementor-element elementor-element-b63cb44 e-con-full e-flex e-con e-child\" data-id=\"b63cb44\" data-element_type=\"container\" data-e-type=\"container\">\n\t\t\t\t<div class=\"elementor-element elementor-element-d2fcad7 elementor-position-top elementor-widget elementor-widget-image-box\" data-id=\"d2fcad7\" data-element_type=\"widget\" data-e-type=\"widget\" data-widget_type=\"image-box.default\">\n\t\t\t\t<div class=\"elementor-widget-container\">\n\t\t\t\t\t<div class=\"elementor-image-box-wrapper\"><figure class=\"elementor-image-box-img\"><img loading=\"lazy\" decoding=\"async\" width=\"500\" height=\"216\" src=\"https:\/\/www.aberdare.co.za\/intelec\/wp-content\/uploads\/2025\/10\/Correntecont\u03afnua.webp\" class=\"attachment-full size-full wp-image-1557\" alt=\"\" srcset=\"https:\/\/www.aberdare.co.za\/intelec\/wp-content\/uploads\/2025\/10\/Correntecont\u03afnua.webp 500w, https:\/\/www.aberdare.co.za\/intelec\/wp-content\/uploads\/2025\/10\/Correntecont\u03afnua-300x130.webp 300w\" sizes=\"(max-width: 500px) 100vw, 500px\" \/><\/figure><div class=\"elementor-image-box-content\"><h3 class=\"elementor-image-box-title\">Cabos Solares<\/h3><\/div><\/div>\t\t\t\t<\/div>\n\t\t\t\t<\/div>\n\t\t\t\t<\/div>\n\t\t<div class=\"elementor-element elementor-element-7c11a83 e-con-full e-flex e-con e-child\" data-id=\"7c11a83\" data-element_type=\"container\" data-e-type=\"container\">\n\t\t\t\t<div class=\"elementor-element elementor-element-ffb33aa elementor-position-top elementor-widget elementor-widget-image-box\" data-id=\"ffb33aa\" data-element_type=\"widget\" data-e-type=\"widget\" data-widget_type=\"image-box.default\">\n\t\t\t\t<div class=\"elementor-widget-container\">\n\t\t\t\t\t<div class=\"elementor-image-box-wrapper\"><figure class=\"elementor-image-box-img\"><img loading=\"lazy\" decoding=\"async\" width=\"500\" height=\"216\" src=\"https:\/\/www.aberdare.co.za\/intelec\/wp-content\/uploads\/2025\/10\/AIRDAC.webp\" class=\"attachment-full size-full wp-image-1552\" alt=\"\" srcset=\"https:\/\/www.aberdare.co.za\/intelec\/wp-content\/uploads\/2025\/10\/AIRDAC.webp 500w, https:\/\/www.aberdare.co.za\/intelec\/wp-content\/uploads\/2025\/10\/AIRDAC-300x130.webp 300w\" sizes=\"(max-width: 500px) 100vw, 500px\" \/><\/figure><div class=\"elementor-image-box-content\"><h3 class=\"elementor-image-box-title\">AIRDAC<\/h3><\/div><\/div>\t\t\t\t<\/div>\n\t\t\t\t<\/div>\n\t\t\t\t<\/div>\n\t\t<div class=\"elementor-element elementor-element-ce38c09 e-con-full e-flex e-con e-child\" data-id=\"ce38c09\" data-element_type=\"container\" data-e-type=\"container\">\n\t\t\t\t<div class=\"elementor-element elementor-element-17ac324 elementor-position-top elementor-widget elementor-widget-image-box\" data-id=\"17ac324\" data-element_type=\"widget\" data-e-type=\"widget\" data-widget_type=\"image-box.default\">\n\t\t\t\t<div class=\"elementor-widget-container\">\n\t\t\t\t\t<div class=\"elementor-image-box-wrapper\"><figure class=\"elementor-image-box-img\"><img loading=\"lazy\" decoding=\"async\" width=\"500\" height=\"216\" src=\"https:\/\/www.aberdare.co.za\/intelec\/wp-content\/uploads\/2025\/10\/Torcado.webp\" class=\"attachment-full size-full wp-image-1559\" alt=\"\" srcset=\"https:\/\/www.aberdare.co.za\/intelec\/wp-content\/uploads\/2025\/10\/Torcado.webp 500w, https:\/\/www.aberdare.co.za\/intelec\/wp-content\/uploads\/2025\/10\/Torcado-300x130.webp 300w\" sizes=\"(max-width: 500px) 100vw, 500px\" \/><\/figure><div class=\"elementor-image-box-content\"><h3 class=\"elementor-image-box-title\">ABC Conductors<\/h3><\/div><\/div>\t\t\t\t<\/div>\n\t\t\t\t<\/div>\n\t\t\t\t<\/div>\n\t\t<div class=\"elementor-element elementor-element-58441d0 e-con-full e-flex e-con e-child\" data-id=\"58441d0\" data-element_type=\"container\" data-e-type=\"container\">\n\t\t\t\t<div class=\"elementor-element elementor-element-ba3273e elementor-position-top elementor-widget elementor-widget-image-box\" data-id=\"ba3273e\" data-element_type=\"widget\" data-e-type=\"widget\" data-widget_type=\"image-box.default\">\n\t\t\t\t<div class=\"elementor-widget-container\">\n\t\t\t\t\t<div class=\"elementor-image-box-wrapper\"><figure class=\"elementor-image-box-img\"><img loading=\"lazy\" decoding=\"async\" width=\"500\" height=\"216\" src=\"https:\/\/www.aberdare.co.za\/intelec\/wp-content\/uploads\/2025\/10\/Cabo-domestico.webp\" class=\"attachment-full size-full wp-image-1555\" alt=\"\" srcset=\"https:\/\/www.aberdare.co.za\/intelec\/wp-content\/uploads\/2025\/10\/Cabo-domestico.webp 500w, https:\/\/www.aberdare.co.za\/intelec\/wp-content\/uploads\/2025\/10\/Cabo-domestico-300x130.webp 300w\" sizes=\"(max-width: 500px) 100vw, 500px\" \/><\/figure><div class=\"elementor-image-box-content\"><h3 class=\"elementor-image-box-title\">Cabos de Liga\u00e7\u00e3o Dom\u00e9stica<\/h3><\/div><\/div>\t\t\t\t<\/div>\n\t\t\t\t<\/div>\n\t\t\t\t<\/div>\n\t\t\t\t\t<\/div>\n\t\t\t\t<\/div>\n\t\t\t\t<\/div>\n\t\t","protected":false},"excerpt":{"rendered":"<p>Produtos Cabos de M\u00e9dia Tens\u00e3o XLPE Cabos com isolamento de papel impregnado em \u00f3leo Cabos de Alta Tens\u00e3o XLPE Borracha [&hellip;]<\/p>\n","protected":false},"author":1,"featured_media":0,"parent":0,"menu_order":0,"comment_status":"closed","ping_status":"closed","template":"","meta":{"site-sidebar-layout":"no-sidebar","site-content-layout":"","ast-site-content-layout":"full-width-container","site-content-style":"default","site-sidebar-style":"default","ast-global-header-display":"","ast-banner-title-visibility":"","ast-main-header-display":"","ast-hfb-above-header-display":"","ast-hfb-below-header-display":"","ast-hfb-mobile-header-display":"","site-post-title":"","ast-breadcrumbs-content":"","ast-featured-img":"disabled","footer-sml-layout":"","ast-disable-related-posts":"","theme-transparent-header-meta":"default","adv-header-id-meta":"","stick-header-meta":"","header-above-stick-meta":"","header-main-stick-meta":"","header-below-stick-meta":"","astra-migrate-meta-layouts":"set","ast-page-background-enabled":"default","ast-page-background-meta":{"desktop":{"background-color":"var(--ast-global-color-5)","background-image":"","background-repeat":"repeat","background-position":"center center","background-size":"auto","background-attachment":"scroll","background-type":"","background-media":"","overlay-type":"","overlay-color":"","overlay-opacity":"","overlay-gradient":""},"tablet":{"background-color":"","background-image":"","background-repeat":"repeat","background-position":"center center","background-size":"auto","background-attachment":"scroll","background-type":"","background-media":"","overlay-type":"","overlay-color":"","overlay-opacity":"","overlay-gradient":""},"mobile":{"background-color":"","background-image":"","background-repeat":"repeat","background-position":"center center","background-size":"auto","background-attachment":"scroll","background-type":"","background-media":"","overlay-type":"","overlay-color":"","overlay-opacity":"","overlay-gradient":""}},"ast-content-background-meta":{"desktop":{"background-color":"var(--ast-global-color-4)","background-image":"","background-repeat":"repeat","background-position":"center center","background-size":"auto","background-attachment":"scroll","background-type":"","background-media":"","overlay-type":"","overlay-color":"","overlay-opacity":"","overlay-gradient":""},"tablet":{"background-color":"var(--ast-global-color-4)","background-image":"","background-repeat":"repeat","background-position":"center center","background-size":"auto","background-attachment":"scroll","background-type":"","background-media":"","overlay-type":"","overlay-color":"","overlay-opacity":"","overlay-gradient":""},"mobile":{"background-color":"var(--ast-global-color-4)","background-image":"","background-repeat":"repeat","background-position":"center center","background-size":"auto","background-attachment":"scroll","background-type":"","background-media":"","overlay-type":"","overlay-color":"","overlay-opacity":"","overlay-gradient":""}},"footnotes":""},"class_list":["post-996","page","type-page","status-publish","hentry"],"rttpg_featured_image_url":null,"rttpg_author":{"display_name":"Aberdare","author_link":"https:\/\/www.aberdare.co.za\/intelec\/author\/hughp\/"},"rttpg_comment":0,"rttpg_category":null,"rttpg_excerpt":"Produtos Cabos de M\u00e9dia Tens\u00e3o XLPE Cabos com isolamento de papel impregnado em \u00f3leo Cabos de Alta Tens\u00e3o XLPE Borracha [&hellip;]","_links":{"self":[{"href":"https:\/\/www.aberdare.co.za\/intelec\/wp-json\/wp\/v2\/pages\/996","targetHints":{"allow":["GET"]}}],"collection":[{"href":"https:\/\/www.aberdare.co.za\/intelec\/wp-json\/wp\/v2\/pages"}],"about":[{"href":"https:\/\/www.aberdare.co.za\/intelec\/wp-json\/wp\/v2\/types\/page"}],"author":[{"embeddable":true,"href":"https:\/\/www.aberdare.co.za\/intelec\/wp-json\/wp\/v2\/users\/1"}],"replies":[{"embeddable":true,"href":"https:\/\/www.aberdare.co.za\/intelec\/wp-json\/wp\/v2\/comments?post=996"}],"version-history":[{"count":71,"href":"https:\/\/www.aberdare.co.za\/intelec\/wp-json\/wp\/v2\/pages\/996\/revisions"}],"predecessor-version":[{"id":1765,"href":"https:\/\/www.aberdare.co.za\/intelec\/wp-json\/wp\/v2\/pages\/996\/revisions\/1765"}],"wp:attachment":[{"href":"https:\/\/www.aberdare.co.za\/intelec\/wp-json\/wp\/v2\/media?parent=996"}],"curies":[{"name":"wp","href":"https:\/\/api.w.org\/{rel}","templated":true}]}}